{"id":63,"date":"2025-07-10T21:30:53","date_gmt":"2025-07-10T21:30:53","guid":{"rendered":"https:\/\/collectivedecor.ca\/?page_id=63"},"modified":"2025-08-05T17:44:12","modified_gmt":"2025-08-05T17:44:12","slug":"waitress","status":"publish","type":"page","link":"https:\/\/collectivedecor.ca\/fr\/waitress\/","title":{"rendered":"Waitress"},"content":{"rendered":"<p>\u00ab Waitress \u00bb est un long m\u00e9trage de fiction qui raconte l\u2019histoire de deux femmes immigrantes iraniennes \u00e0 Montr\u00e9al, employ\u00e9es comme serveuses dans un petit restaurant. La vie au Canada est devenue difficile en raison de pressions financi\u00e8res, et la situation politique en Iran rend tout retour au pays impossible. Un soir, apr\u00e8s la fin de leur quart de travail, un \u00e9v\u00e9nement inattendu survient et bouleverse leurs vies \u00e0 jamais.<\/p>\n\n\n\n<figure class=\"wp-block-image size-full\"><img loading=\"lazy\" decoding=\"async\" width=\"1000\" height=\"293\" src=\"https:\/\/collectivedecor.ca\/wp-content\/uploads\/2025\/07\/FinalW-1.png\" alt=\"\" class=\"wp-image-79\" srcset=\"https:\/\/collectivedecor.ca\/wp-content\/uploads\/2025\/07\/FinalW-1.png 1000w, https:\/\/collectivedecor.ca\/wp-content\/uploads\/2025\/07\/FinalW-1-300x88.png 300w, https:\/\/collectivedecor.ca\/wp-content\/uploads\/2025\/07\/FinalW-1-768x225.png 768w\" sizes=\"auto, (max-width: 1000px) 100vw, 1000px\" \/><\/figure>\n\n\n\n<figure class=\"wp-block-gallery has-nested-images columns-default is-cropped wp-block-gallery-1 is-layout-flex wp-block-gallery-is-layout-flex\">\n<figure class=\"wp-block-image size-large\"><img loading=\"lazy\" decoding=\"async\" width=\"1024\" height=\"574\" data-id=\"71\" src=\"https:\/\/collectivedecor.ca\/wp-content\/uploads\/2025\/07\/2025-07-13-14.45.15-1024x574.jpg\" alt=\"\" class=\"wp-image-71\" srcset=\"https:\/\/collectivedecor.ca\/wp-content\/uploads\/2025\/07\/2025-07-13-14.45.15-1024x574.jpg 1024w, https:\/\/collectivedecor.ca\/wp-content\/uploads\/2025\/07\/2025-07-13-14.45.15-300x168.jpg 300w, https:\/\/collectivedecor.ca\/wp-content\/uploads\/2025\/07\/2025-07-13-14.45.15-768x430.jpg 768w, https:\/\/collectivedecor.ca\/wp-content\/uploads\/2025\/07\/2025-07-13-14.45.15.jpg 1280w\" sizes=\"auto, (max-width: 1024px) 100vw, 1024px\" \/><\/figure>\n\n\n\n<figure class=\"wp-block-image size-large\"><img loading=\"lazy\" decoding=\"async\" width=\"1024\" height=\"574\" data-id=\"72\" src=\"https:\/\/collectivedecor.ca\/wp-content\/uploads\/2025\/07\/2025-07-13-14.45.13-1024x574.jpg\" alt=\"\" class=\"wp-image-72\" srcset=\"https:\/\/collectivedecor.ca\/wp-content\/uploads\/2025\/07\/2025-07-13-14.45.13-1024x574.jpg 1024w, https:\/\/collectivedecor.ca\/wp-content\/uploads\/2025\/07\/2025-07-13-14.45.13-300x168.jpg 300w, https:\/\/collectivedecor.ca\/wp-content\/uploads\/2025\/07\/2025-07-13-14.45.13-768x430.jpg 768w, https:\/\/collectivedecor.ca\/wp-content\/uploads\/2025\/07\/2025-07-13-14.45.13.jpg 1280w\" sizes=\"auto, (max-width: 1024px) 100vw, 1024px\" \/><\/figure>\n\n\n\n<figure class=\"wp-block-image size-large\"><img loading=\"lazy\" decoding=\"async\" width=\"1024\" height=\"574\" data-id=\"73\" src=\"https:\/\/collectivedecor.ca\/wp-content\/uploads\/2025\/07\/2025-07-13-14.45.11-1024x574.jpg\" alt=\"\" class=\"wp-image-73\" srcset=\"https:\/\/collectivedecor.ca\/wp-content\/uploads\/2025\/07\/2025-07-13-14.45.11-1024x574.jpg 1024w, https:\/\/collectivedecor.ca\/wp-content\/uploads\/2025\/07\/2025-07-13-14.45.11-300x168.jpg 300w, https:\/\/collectivedecor.ca\/wp-content\/uploads\/2025\/07\/2025-07-13-14.45.11-768x430.jpg 768w, https:\/\/collectivedecor.ca\/wp-content\/uploads\/2025\/07\/2025-07-13-14.45.11.jpg 1280w\" sizes=\"auto, (max-width: 1024px) 100vw, 1024px\" \/><\/figure>\n\n\n\n<figure class=\"wp-block-image size-large\"><img loading=\"lazy\" decoding=\"async\" width=\"1024\" height=\"574\" data-id=\"74\" src=\"https:\/\/collectivedecor.ca\/wp-content\/uploads\/2025\/07\/2025-07-13-14.45.09-1024x574.jpg\" alt=\"\" class=\"wp-image-74\" srcset=\"https:\/\/collectivedecor.ca\/wp-content\/uploads\/2025\/07\/2025-07-13-14.45.09-1024x574.jpg 1024w, https:\/\/collectivedecor.ca\/wp-content\/uploads\/2025\/07\/2025-07-13-14.45.09-300x168.jpg 300w, https:\/\/collectivedecor.ca\/wp-content\/uploads\/2025\/07\/2025-07-13-14.45.09-768x430.jpg 768w, https:\/\/collectivedecor.ca\/wp-content\/uploads\/2025\/07\/2025-07-13-14.45.09.jpg 1280w\" sizes=\"auto, (max-width: 1024px) 100vw, 1024px\" \/><\/figure>\n\n\n\n<figure class=\"wp-block-image size-large\"><img loading=\"lazy\" decoding=\"async\" width=\"1024\" height=\"574\" data-id=\"75\" src=\"https:\/\/collectivedecor.ca\/wp-content\/uploads\/2025\/07\/2025-07-13-14.45.04-1024x574.jpg\" alt=\"\" class=\"wp-image-75\" srcset=\"https:\/\/collectivedecor.ca\/wp-content\/uploads\/2025\/07\/2025-07-13-14.45.04-1024x574.jpg 1024w, https:\/\/collectivedecor.ca\/wp-content\/uploads\/2025\/07\/2025-07-13-14.45.04-300x168.jpg 300w, https:\/\/collectivedecor.ca\/wp-content\/uploads\/2025\/07\/2025-07-13-14.45.04-768x430.jpg 768w, https:\/\/collectivedecor.ca\/wp-content\/uploads\/2025\/07\/2025-07-13-14.45.04.jpg 1280w\" sizes=\"auto, (max-width: 1024px) 100vw, 1024px\" \/><\/figure>\n<\/figure>\n\n\n\n<figure class=\"wp-block-video\"><video height=\"1080\" style=\"aspect-ratio: 1920 \/ 1080;\" width=\"1920\" autoplay controls src=\"https:\/\/collectivedecor.ca\/wp-content\/uploads\/2025\/07\/IMG_4117.mov\"><\/video><\/figure>\n\n\n\n<p>Mania, metteure en sc\u00e8ne de th\u00e9\u00e2tre, et Atrin, \u00e9tudiante en physique, sont deux femmes immigrantes iraniennes vivant \u00e0 Montr\u00e9al et travaillant comme serveuses dans un petit restaurant iranien appartenant \u00e0 Azita. Le restaurant est populaire au sein de la communaut\u00e9 iranienne et sert souvent de lieu de rassemblement, en particulier pour les chauffeurs de taxi iraniens.<\/p>\n\n\n\n<p>Mania et Atrin sont devenues amies il y a environ trois ans lors des manifestations *Femme, Vie, Libert\u00e9* \u00e0 Montr\u00e9al. Depuis un certain temps, apr\u00e8s leurs quarts de travail nocturnes, elles passent leurs soir\u00e9es dans la cuisine du restaurant \u00e0 imiter leur patronne et elles-m\u00eames \u2014 un jeu qui a commenc\u00e9 comme une blague, mais qui devient peu \u00e0 peu plus s\u00e9rieux. En raison des r\u00e9cents d\u00e9veloppements politiques et de l\u2019effondrement \u00e9conomique en Iran, les deux femmes subissent une pression immense. Atrin a \u00e9t\u00e9 contrainte d\u2019abandonner ses \u00e9tudes, et son statut migratoire est incertain. Pourtant, \u00e0 cause de son militantisme politique, retourner en Iran n\u2019est pas une option.<\/p>\n\n\n\n<p>Un soir, Azita remarque quelque chose de suspect chez Mania. Une confrontation intense s\u2019ensuit, et\u2026<\/p>\n\n\n\n<figure class=\"wp-block-image size-large\"><iframe src=\"https:\/\/docs.google.com\/gview?url=https:\/\/collectivedecor.ca\/wp-content\/uploads\/2025\/08\/11-n.pdf&#038;embedded=true\" style=\"width:100%; height:500px;\" frameborder=\"0\"><\/iframe><\/figure>\n\n\n\n<figure class=\"wp-block-image size-large\"><iframe src=\"https:\/\/docs.google.com\/gview?url=https:\/\/collectivedecor.ca\/wp-content\/uploads\/2025\/08\/11-f.pdf&#038;embedded=true\" style=\"width:100%; height:500px;\" frameborder=\"0\"><\/iframe><\/figure>","protected":false},"excerpt":{"rendered":"<p>&#8220;Waitress&#8221; is a feature-length fiction film about two Iranian immigrant women in Montreal who work as waitresses in a small restaurant. Life in Canada has become difficult for them due to financial pressures, and the political situation in Iran has made returning home impossible. One night, after finishing their shift, an unexpected event occurs that [&hellip;]<\/p>","protected":false},"author":1,"featured_media":0,"parent":0,"menu_order":0,"comment_status":"closed","ping_status":"closed","template":"","meta":{"footnotes":""},"class_list":["post-63","page","type-page","status-publish","hentry"],"_links":{"self":[{"href":"https:\/\/collectivedecor.ca\/fr\/wp-json\/wp\/v2\/pages\/63","targetHints":{"allow":["GET"]}}],"collection":[{"href":"https:\/\/collectivedecor.ca\/fr\/wp-json\/wp\/v2\/pages"}],"about":[{"href":"https:\/\/collectivedecor.ca\/fr\/wp-json\/wp\/v2\/types\/page"}],"author":[{"embeddable":true,"href":"https:\/\/collectivedecor.ca\/fr\/wp-json\/wp\/v2\/users\/1"}],"replies":[{"embeddable":true,"href":"https:\/\/collectivedecor.ca\/fr\/wp-json\/wp\/v2\/comments?post=63"}],"version-history":[{"count":0,"href":"https:\/\/collectivedecor.ca\/fr\/wp-json\/wp\/v2\/pages\/63\/revisions"}],"wp:attachment":[{"href":"https:\/\/collectivedecor.ca\/fr\/wp-json\/wp\/v2\/media?parent=63"}],"curies":[{"name":"wp","href":"https:\/\/api.w.org\/{rel}","templated":true}]}}