{"id":44,"date":"2025-07-10T21:19:09","date_gmt":"2025-07-10T21:19:09","guid":{"rendered":"https:\/\/collectivedecor.ca\/?page_id=44"},"modified":"2025-08-05T21:36:25","modified_gmt":"2025-08-05T21:36:25","slug":"donation","status":"publish","type":"page","link":"https:\/\/collectivedecor.ca\/fr\/donation\/","title":{"rendered":"Don"},"content":{"rendered":"<script src=\"https:\/\/zeffy-scripts.s3.ca-central-1.amazonaws.com\/embed-form-script.min.js\"><\/script><br \/>\n\n<div style=\"text-align: center;\" class=\"wp-block-button\"><a class=\"wp-block-button__link wp-element-button\" zeffy-form-link=\"https:\/\/www.zeffy.com\/embed\/donation-form\/waitress-a-movie?modal=true\">Faire un don<\/a><\/div>\n\n\n\n<figure class=\"wp-block-embed is-type-video is-provider-youtube wp-block-embed-youtube wp-embed-aspect-16-9 wp-has-aspect-ratio\"><div class=\"wp-block-embed__wrapper\">\n<iframe loading=\"lazy\" title=\"Waitress_Fundraising\" width=\"500\" height=\"281\" src=\"https:\/\/www.youtube.com\/embed\/49lR25r-mCY?feature=oembed\" frameborder=\"0\" allow=\"accelerometer; autoplay; clipboard-write; encrypted-media; gyroscope; picture-in-picture; web-share\" referrerpolicy=\"strict-origin-when-cross-origin\" allowfullscreen><\/iframe>\n<\/div><\/figure>\n\n\n\n<p class=\"translation-block\">Le projet <a href=\"https:\/\/collectivedecor.ca\/fr\/waitress\/\" data-type=\"page\" data-id=\"63\" target=\"_self\">\u00ab Waitress \u00bb<\/a> est une \u0153uvre artistique ind\u00e9pendante r\u00e9alis\u00e9e sans soutien financier d\u2019aucune institution ni organisation.<\/p>\n\n\n\n<p>Les acteur\u00b7trice\u00b7s et de nombreux membres de l\u2019\u00e9quipe de production ont offert leur temps, leur \u00e9nergie, et m\u00eame leur salaire \u2014 uniquement guid\u00e9\u00b7e\u00b7s par leur conviction de la valeur de cette histoire et de la n\u00e9cessit\u00e9 qu\u2019elle soit entendue.<\/p>\n\n\n\n<p>Malgr\u00e9 cet effort collectif, certains co\u00fbts essentiels de production demeurent : location de mat\u00e9riel (cam\u00e9ra, son et \u00e9clairage), transport, sc\u00e9nographie et postproduction. Ce sont des d\u00e9penses que nous ne pouvons tout simplement pas couvrir sans votre aide.<\/p>\n\n\n\n<p>Si vous croyez au pouvoir de l\u2019art ind\u00e9pendant, votre soutien financier peut r\u00e9ellement faire une diff\u00e9rence dans la r\u00e9alisation de ce film.<\/p>\n\n\n\n<p>Chaque contribution, peu importe le montant, nous rapproche un peu plus du r\u00e9cit que nous souhaitons faire entendre.<\/p>\n\n\n\n<script src=\"https:\/\/zeffy-scripts.s3.ca-central-1.amazonaws.com\/embed-form-script.min.js\"><\/script><br \/>\n\n<div style=\"text-align: center;\" class=\"wp-block-button\"><a class=\"wp-block-button__link wp-element-button\" zeffy-form-link=\"https:\/\/www.zeffy.com\/embed\/donation-form\/waitress-a-movie?modal=true\">Faire un don<\/a><\/div>\n\n\n\n<p><\/p>\n\n\n\n<p><\/p>","protected":false},"excerpt":{"rendered":"<p>Make A Donation The &#8220;Waitress&#8221; project is an independent artistic work being produced without financial support from any institution or organization. The actors and many members of the production team have donated their time, energy, and even their wages\u2014driven solely by their belief in the value of this story and the need for it to [&hellip;]<\/p>","protected":false},"author":1,"featured_media":0,"parent":0,"menu_order":0,"comment_status":"closed","ping_status":"closed","template":"","meta":{"footnotes":""},"class_list":["post-44","page","type-page","status-publish","hentry"],"_links":{"self":[{"href":"https:\/\/collectivedecor.ca\/fr\/wp-json\/wp\/v2\/pages\/44","targetHints":{"allow":["GET"]}}],"collection":[{"href":"https:\/\/collectivedecor.ca\/fr\/wp-json\/wp\/v2\/pages"}],"about":[{"href":"https:\/\/collectivedecor.ca\/fr\/wp-json\/wp\/v2\/types\/page"}],"author":[{"embeddable":true,"href":"https:\/\/collectivedecor.ca\/fr\/wp-json\/wp\/v2\/users\/1"}],"replies":[{"embeddable":true,"href":"https:\/\/collectivedecor.ca\/fr\/wp-json\/wp\/v2\/comments?post=44"}],"version-history":[{"count":0,"href":"https:\/\/collectivedecor.ca\/fr\/wp-json\/wp\/v2\/pages\/44\/revisions"}],"wp:attachment":[{"href":"https:\/\/collectivedecor.ca\/fr\/wp-json\/wp\/v2\/media?parent=44"}],"curies":[{"name":"wp","href":"https:\/\/api.w.org\/{rel}","templated":true}]}}