{"id":13,"date":"2025-07-10T20:48:13","date_gmt":"2025-07-10T20:48:13","guid":{"rendered":"https:\/\/collectivedecor.ca\/?page_id=13"},"modified":"2025-07-14T02:43:37","modified_gmt":"2025-07-14T02:43:37","slug":"about","status":"publish","type":"page","link":"https:\/\/collectivedecor.ca\/fr\/","title":{"rendered":"\u00c0 propos"},"content":{"rendered":"<figure class=\"wp-block-image aligncenter size-full is-resized\"><img loading=\"lazy\" decoding=\"async\" width=\"877\" height=\"710\" src=\"https:\/\/collectivedecor.ca\/wp-content\/uploads\/2025\/07\/cdlogo.png\" alt=\"\" class=\"wp-image-147\" style=\"width:143px;height:auto\" srcset=\"https:\/\/collectivedecor.ca\/wp-content\/uploads\/2025\/07\/cdlogo.png 877w, https:\/\/collectivedecor.ca\/wp-content\/uploads\/2025\/07\/cdlogo-300x243.png 300w, https:\/\/collectivedecor.ca\/wp-content\/uploads\/2025\/07\/cdlogo-768x622.png 768w, https:\/\/collectivedecor.ca\/wp-content\/uploads\/2025\/07\/cdlogo-15x12.png 15w\" sizes=\"auto, (max-width: 877px) 100vw, 877px\" \/><\/figure>\n\n\n\n<p>Collective D\u00e9cor est un groupe artistique ind\u00e9pendant bas\u00e9 au Canada, actif depuis 2013 dans les domaines du th\u00e9\u00e2tre, du cin\u00e9ma et de l\u2019art performatif. Le collectif est compos\u00e9 d\u2019artistes qui s\u2019inspirent de leurs exp\u00e9riences v\u00e9cues pour cr\u00e9er des \u0153uvres abordant les th\u00e8mes de l\u2019identit\u00e9, de la migration, de l\u2019exil et de la r\u00e9sistance.<\/p>\n\n\n\n<p>Au cours des derni\u00e8res ann\u00e9es, les projets de Collective D\u00e9cor ont \u00e9t\u00e9 pr\u00e9sent\u00e9s dans plusieurs villes \u00e0 travers le Canada et d\u00e9velopp\u00e9s en collaboration avec de nombreuses organisations culturelles et sociales. L\u2019une des r\u00e9alisations les plus remarquables du groupe a \u00e9t\u00e9 l\u2019organisation d\u2019une tourn\u00e9e th\u00e9\u00e2trale pancanadienne au cours des trois derni\u00e8res ann\u00e9es.<\/p>\n\n\n\n<p>La vision artistique du collectif repose sur la conviction que l\u2019art peut \u00eatre un espace de dialogue, de sensibilisation et de transformation \u2014 en donnant une voix aux personnes marginalis\u00e9es sur sc\u00e8ne et en franchissant les fronti\u00e8res culturelles et linguistiques.<\/p>\n\n\n\n<p><\/p>\n\n\n\n<h2 class=\"wp-block-heading\">Nouveau projet: <a href=\"https:\/\/collectivedecor.ca\/fr\/waitress\/\" data-type=\"page\" data-id=\"63\">Waitress<\/a><\/h2>\n\n\n\n<p>\u00ab Waitress \u00bb est un long m\u00e9trage de fiction qui raconte l\u2019histoire de deux femmes immigrantes iraniennes \u00e0 Montr\u00e9al, employ\u00e9es comme serveuses dans un petit restaurant. La vie au Canada est devenue difficile en raison de pressions financi\u00e8res, et la situation politique en Iran rend tout retour au pays impossible. Un soir, apr\u00e8s la fin de leur quart de travail, un \u00e9v\u00e9nement inattendu survient et bouleverse leurs vies \u00e0 jamais.<\/p>\n\n\n\n<div style=\"position:relative;overflow:hidden;width:100%;padding-top:100px;\"><iframe title=\"Donation form powered by Zeffy\" style=\"position: absolute; border: 0; top:0;left:0;bottom:0;right:0;width:100%;height:100px\" src=\"https:\/\/www.zeffy.com\/embed\/thermometer\/waitress-a-movie\"><\/iframe><\/div>\n\n\n\n<div class=\"wp-block-buttons is-content-justification-center is-layout-flex wp-container-core-buttons-is-layout-a89b3969 wp-block-buttons-is-layout-flex\">\n<div class=\"wp-block-button\"><a class=\"wp-block-button__link wp-element-button\" href=\"https:\/\/collectivedecor.ca\/fr\/waitress\/\">En savoir plus sur le projet<\/a><\/div>\n\n\n\n<div class=\"wp-block-button\"><a class=\"wp-block-button__link wp-element-button\" href=\"https:\/\/collectivedecor.ca\/fr\/donation\/\">Comment nous soutenir<\/a><\/div>\n<\/div>\n\n\n\n<p><\/p>","protected":false},"excerpt":{"rendered":"<p>Collective D\u00e9cor is an independent art group based in Canada, active since 2013 in the fields of theatre, film, and performance art. The group is composed of artists who draw inspiration from their lived experiences to create works that reflect themes of identity, migration, exile, and resistance. Over the past years, Collective D\u00e9cor\u2019s projects have [&hellip;]<\/p>","protected":false},"author":1,"featured_media":0,"parent":0,"menu_order":0,"comment_status":"closed","ping_status":"closed","template":"","meta":{"footnotes":""},"class_list":["post-13","page","type-page","status-publish","hentry"],"_links":{"self":[{"href":"https:\/\/collectivedecor.ca\/fr\/wp-json\/wp\/v2\/pages\/13","targetHints":{"allow":["GET"]}}],"collection":[{"href":"https:\/\/collectivedecor.ca\/fr\/wp-json\/wp\/v2\/pages"}],"about":[{"href":"https:\/\/collectivedecor.ca\/fr\/wp-json\/wp\/v2\/types\/page"}],"author":[{"embeddable":true,"href":"https:\/\/collectivedecor.ca\/fr\/wp-json\/wp\/v2\/users\/1"}],"replies":[{"embeddable":true,"href":"https:\/\/collectivedecor.ca\/fr\/wp-json\/wp\/v2\/comments?post=13"}],"version-history":[{"count":0,"href":"https:\/\/collectivedecor.ca\/fr\/wp-json\/wp\/v2\/pages\/13\/revisions"}],"wp:attachment":[{"href":"https:\/\/collectivedecor.ca\/fr\/wp-json\/wp\/v2\/media?parent=13"}],"curies":[{"name":"wp","href":"https:\/\/api.w.org\/{rel}","templated":true}]}}